{"id":14,"date":"2023-12-11T09:15:48","date_gmt":"2023-12-11T02:15:48","guid":{"rendered":"https:\/\/midoluxuryspa.com\/?page_id=14"},"modified":"2023-12-15T14:30:00","modified_gmt":"2023-12-15T07:30:00","slug":"about-us","status":"publish","type":"page","link":"https:\/\/midoluxuryspa.com\/vi\/about-us\/","title":{"rendered":"GI\u1edaI THI\u1ec6U"},"content":{"rendered":"<div data-elementor-type=\"wp-page\" data-elementor-id=\"14\" class=\"elementor elementor-14\">\n\t\t\t\t\t\t\t\t\t<section class=\"elementor-section elementor-top-section elementor-element elementor-element-d47989d elementor-section-boxed elementor-section-height-default elementor-section-height-default\" data-id=\"d47989d\" data-element_type=\"section\">\n\t\t\t\t\t\t<div class=\"elementor-container elementor-column-gap-default\">\n\t\t\t\t\t<div class=\"elementor-column elementor-col-100 elementor-top-column elementor-element elementor-element-9d94efc\" data-id=\"9d94efc\" data-element_type=\"column\">\n\t\t\t<div class=\"elementor-widget-wrap elementor-element-populated\">\n\t\t\t\t\t\t\t\t<div class=\"elementor-element elementor-element-211b6cd elementor-widget elementor-widget-heading\" data-id=\"211b6cd\" data-element_type=\"widget\" data-widget_type=\"heading.default\">\n\t\t\t\t<div class=\"elementor-widget-container\">\n\t\t\t<style>\/*! elementor - v3.10.2 - 29-01-2023 *\/\n.elementor-heading-title{padding:0;margin:0;line-height:1}.elementor-widget-heading .elementor-heading-title[class*=elementor-size-]>a{color:inherit;font-size:inherit;line-height:inherit}.elementor-widget-heading .elementor-heading-title.elementor-size-small{font-size:15px}.elementor-widget-heading .elementor-heading-title.elementor-size-medium{font-size:19px}.elementor-widget-heading .elementor-heading-title.elementor-size-large{font-size:29px}.elementor-widget-heading .elementor-heading-title.elementor-size-xl{font-size:39px}.elementor-widget-heading .elementor-heading-title.elementor-size-xxl{font-size:59px}<\/style><h2 class=\"elementor-heading-title elementor-size-default\">Ch\u00e0o m\u1eebng b\u1ea1n \u0111\u1ebfn v\u1edbi Mido Luxury Spa - Ho Chi Minh City<\/h2>\t\t<\/div>\n\t\t\t\t<\/div>\n\t\t\t\t<div class=\"elementor-element elementor-element-2e9c130 elementor-widget elementor-widget-heading\" data-id=\"2e9c130\" data-element_type=\"widget\" data-widget_type=\"heading.default\">\n\t\t\t\t<div class=\"elementor-widget-container\">\n\t\t\t<div class=\"elementor-heading-title elementor-size-default\">H\u00e3y \u0111\u1ebfn Mido Luxury Spa ngay h\u00f4m nay v\u00e0 \u0111\u1ea1t \u0111\u01b0\u1ee3c s\u1ef1 c\u00e2n b\u1eb1ng trong cu\u1ed9c s\u1ed1ng!\n<\/div>\t\t<\/div>\n\t\t\t\t<\/div>\n\t\t\t\t\t<\/div>\n\t\t<\/div>\n\t\t\t\t\t\t\t<\/div>\n\t\t<\/section>\n\t\t\t\t<section class=\"elementor-section elementor-top-section elementor-element elementor-element-a4ffa0f elementor-section-boxed elementor-section-height-default elementor-section-height-default\" data-id=\"a4ffa0f\" data-element_type=\"section\">\n\t\t\t\t\t\t<div class=\"elementor-container elementor-column-gap-default\">\n\t\t\t\t\t<div class=\"elementor-column elementor-col-50 elementor-top-column elementor-element elementor-element-21de2b1\" data-id=\"21de2b1\" data-element_type=\"column\">\n\t\t\t<div class=\"elementor-widget-wrap elementor-element-populated\">\n\t\t\t\t\t\t\t\t<div class=\"elementor-element elementor-element-548ed7a elementor-aspect-ratio-169 elementor-widget elementor-widget-video\" data-id=\"548ed7a\" data-element_type=\"widget\" data-settings=\"{&quot;youtube_url&quot;:&quot;https:\\\/\\\/www.youtube.com\\\/watch?v=aPip-olDDIc&quot;,&quot;show_image_overlay&quot;:&quot;yes&quot;,&quot;image_overlay&quot;:{&quot;url&quot;:&quot;https:\\\/\\\/midoluxuryspa.com\\\/wp-content\\\/uploads\\\/2023\\\/12\\\/mido-spa-16.jpg&quot;,&quot;id&quot;:283,&quot;alt&quot;:&quot;&quot;,&quot;source&quot;:&quot;library&quot;},&quot;lightbox&quot;:&quot;yes&quot;,&quot;video_type&quot;:&quot;youtube&quot;,&quot;controls&quot;:&quot;yes&quot;,&quot;aspect_ratio&quot;:&quot;169&quot;}\" data-widget_type=\"video.default\">\n\t\t\t\t<div class=\"elementor-widget-container\">\n\t\t\t<style>\/*! elementor - v3.10.2 - 29-01-2023 *\/\n.elementor-widget-video .elementor-widget-container{overflow:hidden;transform:translateZ(0)}.elementor-widget-video .elementor-open-inline .elementor-custom-embed-image-overlay{position:absolute;top:0;left:0;width:100%;height:100%;background-size:cover;background-position:50%}.elementor-widget-video .elementor-custom-embed-image-overlay{cursor:pointer;text-align:center}.elementor-widget-video .elementor-custom-embed-image-overlay:hover .elementor-custom-embed-play i{opacity:1}.elementor-widget-video .elementor-custom-embed-image-overlay img{display:block;width:100%}.elementor-widget-video .e-hosted-video .elementor-video{-o-object-fit:cover;object-fit:cover}.e-con-inner>.elementor-widget-video,.e-con>.elementor-widget-video{width:var(--container-widget-width);--flex-grow:var(--container-widget-flex-grow)}<\/style>\t\t<div class=\"elementor-wrapper elementor-open-lightbox\">\n\t\t\t\t\t\t\t<div class=\"elementor-custom-embed-image-overlay\" data-elementor-open-lightbox=\"yes\" data-elementor-lightbox=\"{&quot;type&quot;:&quot;video&quot;,&quot;videoType&quot;:&quot;youtube&quot;,&quot;url&quot;:&quot;https:\\\/\\\/www.youtube.com\\\/embed\\\/aPip-olDDIc?feature=oembed&amp;start&amp;end&amp;wmode=opaque&amp;loop=0&amp;controls=1&amp;mute=0&amp;rel=0&amp;modestbranding=0&quot;,&quot;modalOptions&quot;:{&quot;id&quot;:&quot;elementor-lightbox-548ed7a&quot;,&quot;entranceAnimation&quot;:&quot;&quot;,&quot;entranceAnimation_tablet&quot;:&quot;&quot;,&quot;entranceAnimation_mobile&quot;:&quot;&quot;,&quot;videoAspectRatio&quot;:&quot;169&quot;}}\" e-action-hash=\"#elementor-action%3Aaction%3Dlightbox%26settings%3DeyJ0eXBlIjoidmlkZW8iLCJ2aWRlb1R5cGUiOiJ5b3V0dWJlIiwidXJsIjoiaHR0cHM6XC9cL3d3dy55b3V0dWJlLmNvbVwvZW1iZWRcL2FQaXAtb2xEREljP2ZlYXR1cmU9b2VtYmVkJnN0YXJ0JmVuZCZ3bW9kZT1vcGFxdWUmbG9vcD0wJmNvbnRyb2xzPTEmbXV0ZT0wJnJlbD0wJm1vZGVzdGJyYW5kaW5nPTAiLCJtb2RhbE9wdGlvbnMiOnsiaWQiOiJlbGVtZW50b3ItbGlnaHRib3gtNTQ4ZWQ3YSIsImVudHJhbmNlQW5pbWF0aW9uIjoiIiwiZW50cmFuY2VBbmltYXRpb25fdGFibGV0IjoiIiwiZW50cmFuY2VBbmltYXRpb25fbW9iaWxlIjoiIiwidmlkZW9Bc3BlY3RSYXRpbyI6IjE2OSJ9fQ%3D%3D\">\n\t\t\t\t\t\t\t\t\t\t\t<img loading=\"lazy\" decoding=\"async\" width=\"526\" height=\"526\" src=\"https:\/\/midoluxuryspa.com\/wp-content\/uploads\/2023\/12\/mido-spa-16.jpg\" class=\"attachment-full size-full wp-image-283\" alt=\"\" srcset=\"https:\/\/midoluxuryspa.com\/wp-content\/uploads\/2023\/12\/mido-spa-16.jpg 526w, https:\/\/midoluxuryspa.com\/wp-content\/uploads\/2023\/12\/mido-spa-16-300x300.jpg 300w, https:\/\/midoluxuryspa.com\/wp-content\/uploads\/2023\/12\/mido-spa-16-150x150.jpg 150w\" sizes=\"auto, (max-width: 526px) 100vw, 526px\" \/>\t\t\t\t\t\t\t\t\t\t\t\t\t\t\t\t<div class=\"elementor-custom-embed-play\" role=\"button\" aria-label=\"Ph\u00e1t video\" tabindex=\"0\">\n\t\t\t\t\t\t\t<i aria-hidden=\"true\" class=\"eicon-play\"><\/i>\t\t\t\t\t\t\t<span class=\"elementor-screen-only\">Ph\u00e1t video<\/span>\n\t\t\t\t\t\t<\/div>\n\t\t\t\t\t\t\t\t\t<\/div>\n\t\t\t\t\t<\/div>\n\t\t\t\t<\/div>\n\t\t\t\t<\/div>\n\t\t\t\t\t<\/div>\n\t\t<\/div>\n\t\t\t\t<div class=\"elementor-column elementor-col-50 elementor-top-column elementor-element elementor-element-d555bd4\" data-id=\"d555bd4\" data-element_type=\"column\">\n\t\t\t<div class=\"elementor-widget-wrap elementor-element-populated\">\n\t\t\t\t\t\t\t\t<div class=\"elementor-element elementor-element-721a39b elementor-widget elementor-widget-heading\" data-id=\"721a39b\" data-element_type=\"widget\" data-widget_type=\"heading.default\">\n\t\t\t\t<div class=\"elementor-widget-container\">\n\t\t\t<p class=\"elementor-heading-title elementor-size-default\">\n\u201cCu\u1ed9c s\u1ed1ng l\u00e0 s\u1ef1 c\u00e2n b\u1eb1ng gi\u1eefa ngh\u1ec9 ng\u01a1i v\u00e0 v\u1eadn \u0111\u1ed9ng\u201d<\/p>\t\t<\/div>\n\t\t\t\t<\/div>\n\t\t\t\t<div class=\"elementor-element elementor-element-e7612a5 elementor-icon-list--layout-traditional elementor-list-item-link-full_width elementor-widget elementor-widget-icon-list\" data-id=\"e7612a5\" data-element_type=\"widget\" data-widget_type=\"icon-list.default\">\n\t\t\t\t<div class=\"elementor-widget-container\">\n\t\t\t<link rel=\"stylesheet\" href=\"https:\/\/midoluxuryspa.com\/wp-content\/plugins\/elementor\/assets\/css\/widget-icon-list.min.css\">\t\t<ul class=\"elementor-icon-list-items\">\n\t\t\t\t\t\t\t<li class=\"elementor-icon-list-item\">\n\t\t\t\t\t\t\t\t\t\t\t<span class=\"elementor-icon-list-icon\">\n\t\t\t\t\t\t\t<i aria-hidden=\"true\" class=\"fas fa-spa\"><\/i>\t\t\t\t\t\t<\/span>\n\t\t\t\t\t\t\t\t\t\t<span class=\"elementor-icon-list-text\">Mido Luxury Spa v\u1edbi thi\u1ebft k\u1ebf s\u1ea3nh sang tr\u1ecdng m\u1eddi g\u1ecdi b\u1ea1n \u0111\u1ebfn v\u1edbi m\u1ed9t kh\u00f4ng gian n\u01a1i b\u1ea1n c\u00f3 th\u1ec3 th\u01b0 gi\u00e3n ngay khi b\u01b0\u1edbc v\u00e0o. Th\u1eadt kh\u00f3 \u0111\u1ec3 di\u1ec5n t\u1ea3 b\u1eb1ng l\u1eddi b\u1ea7u kh\u00f4ng kh\u00ed \u0111\u1ed9c \u0111\u00e1o c\u1ee7a Mido Luxury Spa.<\/span>\n\t\t\t\t\t\t\t\t\t<\/li>\n\t\t\t\t\t\t\t\t<li class=\"elementor-icon-list-item\">\n\t\t\t\t\t\t\t\t\t\t\t<span class=\"elementor-icon-list-icon\">\n\t\t\t\t\t\t\t<i aria-hidden=\"true\" class=\"fas fa-spa\"><\/i>\t\t\t\t\t\t<\/span>\n\t\t\t\t\t\t\t\t\t\t<span class=\"elementor-icon-list-text\">Ph\u00f2ng c\u1ee7a ch\u00fang t\u00f4i bao g\u1ed3m t\u1eeb ph\u00f2ng ri\u00eang d\u00e0nh cho c\u00e1c c\u1eb7p \u0111\u00f4i \u0111\u1ebfn ph\u00f2ng l\u1edbn h\u01a1n d\u00e0nh cho gia \u0111\u00ecnh. T\u1ed5ng c\u1ed9ng c\u00f3 25 gi\u01b0\u1eddng v\u1edbi thi\u1ebft k\u1ebf tuy\u1ec7t v\u1eddi, khu v\u1ef1c nh\u00e0 v\u1ec7 sinh v\u00e0 v\u00f2i sen \u0111\u01b0\u1ee3c \u0111\u1eb7t xa h\u01a1n m\u1ed9t ch\u00fat trong ph\u00f2ng. \u0110i b\u1ed9 c\u1ea3 ng\u00e0y? \u0110\u1eebng lo. C\u00f3 thang m\u00e1y!<\/span>\n\t\t\t\t\t\t\t\t\t<\/li>\n\t\t\t\t\t\t\t\t<li class=\"elementor-icon-list-item\">\n\t\t\t\t\t\t\t\t\t\t\t<span class=\"elementor-icon-list-icon\">\n\t\t\t\t\t\t\t<i aria-hidden=\"true\" class=\"fas fa-spa\"><\/i>\t\t\t\t\t\t<\/span>\n\t\t\t\t\t\t\t\t\t\t<span class=\"elementor-icon-list-text\">Sau khi b\u1ea1n t\u1eafm r\u1eeda s\u1ea1ch s\u1ebd, ch\u00fang t\u00f4i s\u1ebd cung c\u1ea5p cho b\u1ea1n s\u1eefa chua t\u01b0\u01a1i t\u1ef1 l\u00e0m. \u0110\u1ed1i v\u1edbi c\u00e1c g\u00f3i d\u00e0i h\u01a1n, ch\u00fang t\u00f4i cung c\u1ea5p \u0111\u1ed3 \u0103n v\u00e0 \u0111\u1ed3 u\u1ed1ng theo l\u1ef1a ch\u1ecdn c\u1ee7a b\u1ea1n. Ngo\u00e0i ra c\u00f2n c\u00f3 khu v\u1ef1c d\u00e0nh cho tr\u1ebb em, n\u01a1i con b\u1ea1n c\u00f3 th\u1ec3 ch\u01a1i mi\u1ec5n ph\u00ed v\u1edbi b\u1ea3ng m\u00e0u v\u00e0 \u0111\u1ed3 ch\u01a1i.<\/span>\n\t\t\t\t\t\t\t\t\t<\/li>\n\t\t\t\t\t\t<\/ul>\n\t\t\t\t<\/div>\n\t\t\t\t<\/div>\n\t\t\t\t<div class=\"elementor-element elementor-element-0e7e613 elementor-align-left elementor-tablet-align-center elementor-widget elementor-widget-button\" data-id=\"0e7e613\" data-element_type=\"widget\" data-widget_type=\"button.default\">\n\t\t\t\t<div class=\"elementor-widget-container\">\n\t\t\t\t\t<div class=\"elementor-button-wrapper\">\n\t\t\t<a href=\"https:\/\/midoluxuryspa.com\/vi\/reservation\/\" class=\"elementor-button-link elementor-button elementor-size-sm\" role=\"button\">\n\t\t\t\t\t\t<span class=\"elementor-button-content-wrapper\">\n\t\t\t\t\t\t<span class=\"elementor-button-text\">\u0110\u1eb7t ch\u1ed7<\/span>\n\t\t<\/span>\n\t\t\t\t\t<\/a>\n\t\t<\/div>\n\t\t\t\t<\/div>\n\t\t\t\t<\/div>\n\t\t\t\t\t<\/div>\n\t\t<\/div>\n\t\t\t\t\t\t\t<\/div>\n\t\t<\/section>\n\t\t\t\t<section class=\"elementor-section elementor-top-section elementor-element elementor-element-e06df6f elementor-section-boxed elementor-section-height-default elementor-section-height-default\" data-id=\"e06df6f\" data-element_type=\"section\">\n\t\t\t\t\t\t<div class=\"elementor-container elementor-column-gap-default\">\n\t\t\t\t\t<div class=\"elementor-column elementor-col-50 elementor-top-column elementor-element elementor-element-a0997ae\" data-id=\"a0997ae\" data-element_type=\"column\">\n\t\t\t<div class=\"elementor-widget-wrap elementor-element-populated\">\n\t\t\t\t\t\t\t\t<div class=\"elementor-element elementor-element-fc0518e elementor-widget elementor-widget-heading\" data-id=\"fc0518e\" data-element_type=\"widget\" data-widget_type=\"heading.default\">\n\t\t\t\t<div class=\"elementor-widget-container\">\n\t\t\t<p class=\"elementor-heading-title elementor-size-default\">\u0110\u1eb7t tr\u01b0\u1edbc 12h tr\u01b0a c\u00f3 th\u1ec3 \u0111\u01b0\u1ee3c gi\u1ea3m gi\u00e1 10% n\u00ean \u0111\u1eebng b\u1ecf l\u1ee1 n\u1ebfu b\u1ea1n c\u00f3 k\u1ebf ho\u1ea1ch ngay h\u00f4m nay.\n\n<\/p>\t\t<\/div>\n\t\t\t\t<\/div>\n\t\t\t\t<div class=\"elementor-element elementor-element-51b9142 elementor-icon-list--layout-traditional elementor-list-item-link-full_width elementor-widget elementor-widget-icon-list\" data-id=\"51b9142\" data-element_type=\"widget\" data-widget_type=\"icon-list.default\">\n\t\t\t\t<div class=\"elementor-widget-container\">\n\t\t\t\t\t<ul class=\"elementor-icon-list-items\">\n\t\t\t\t\t\t\t<li class=\"elementor-icon-list-item\">\n\t\t\t\t\t\t\t\t\t\t\t<span class=\"elementor-icon-list-icon\">\n\t\t\t\t\t\t\t<i aria-hidden=\"true\" class=\"fas fa-spa\"><\/i>\t\t\t\t\t\t<\/span>\n\t\t\t\t\t\t\t\t\t\t<span class=\"elementor-icon-list-text\">H\u00e3y \u0111\u1ebfn Mido Luxury Spa ngay h\u00f4m nay v\u00e0 \u0111\u1ea1t \u0111\u01b0\u1ee3c s\u1ef1 c\u00e2n b\u1eb1ng trong cu\u1ed9c s\u1ed1ng!<\/span>\n\t\t\t\t\t\t\t\t\t<\/li>\n\t\t\t\t\t\t\t\t<li class=\"elementor-icon-list-item\">\n\t\t\t\t\t\t\t\t\t\t\t<span class=\"elementor-icon-list-icon\">\n\t\t\t\t\t\t\t<i aria-hidden=\"true\" class=\"fas fa-spa\"><\/i>\t\t\t\t\t\t<\/span>\n\t\t\t\t\t\t\t\t\t\t<span class=\"elementor-icon-list-text\">Ch\u00fang t\u00f4i mong \u0111\u01b0\u1ee3c ch\u00e0o \u0111\u00f3n b\u1ea1n.<\/span>\n\t\t\t\t\t\t\t\t\t<\/li>\n\t\t\t\t\t\t\t\t<li class=\"elementor-icon-list-item\">\n\t\t\t\t\t\t\t\t\t\t\t<span class=\"elementor-icon-list-icon\">\n\t\t\t\t\t\t\t<i aria-hidden=\"true\" class=\"far fa-clock\"><\/i>\t\t\t\t\t\t<\/span>\n\t\t\t\t\t\t\t\t\t\t<span class=\"elementor-icon-list-text\">Gi\u1edd l\u00e0m vi\u1ec7c: 9:00 s\u00e1ng \u2013 12:00 tr\u01b0a (h\u00e0ng ng\u00e0y)<\/span>\n\t\t\t\t\t\t\t\t\t<\/li>\n\t\t\t\t\t\t\t\t<li class=\"elementor-icon-list-item\">\n\t\t\t\t\t\t\t\t\t\t\t<span class=\"elementor-icon-list-icon\">\n\t\t\t\t\t\t\t<i aria-hidden=\"true\" class=\"fas fa-comment-dollar\"><\/i>\t\t\t\t\t\t<\/span>\n\t\t\t\t\t\t\t\t\t\t<span class=\"elementor-icon-list-text\">Thanh to\u00e1n: Ti\u1ec1n m\u1eb7t (vnd, usd, eur, won,\u2026), VISA, MASTERCARD, AMERICAN EXPRESS, JCB\u2026<\/span>\n\t\t\t\t\t\t\t\t\t<\/li>\n\t\t\t\t\t\t\t\t<li class=\"elementor-icon-list-item\">\n\t\t\t\t\t\t\t\t\t\t\t<span class=\"elementor-icon-list-icon\">\n\t\t\t\t\t\t\t<i aria-hidden=\"true\" class=\"fas fa-gift\"><\/i>\t\t\t\t\t\t<\/span>\n\t\t\t\t\t\t\t\t\t\t<span class=\"elementor-icon-list-text\">Tr\u00e0 l\u1ea1nh\/\u1ea5m ho\u1eb7c n\u01b0\u1edbc m\u00e1y mi\u1ec5n ph\u00ed \u0111\u01b0\u1ee3c cung c\u1ea5p khi kh\u00e1ch \u0111\u1ebfn v\u00e0 sau m\u1ed7i b\u1eefa \u0103n.<\/span>\n\t\t\t\t\t\t\t\t\t<\/li>\n\t\t\t\t\t\t\t\t<li class=\"elementor-icon-list-item\">\n\t\t\t\t\t\t\t\t\t\t\t<span class=\"elementor-icon-list-icon\">\n\t\t\t\t\t\t\t<i aria-hidden=\"true\" class=\"fas fa-gift\"><\/i>\t\t\t\t\t\t<\/span>\n\t\t\t\t\t\t\t\t\t\t<span class=\"elementor-icon-list-text\">Mi\u1ec5n ph\u00ed taxi 1 chi\u1ec1u \u0111\u1ebfn Mido Spa (gi\u1edbi h\u1ea1n 50.000vnd)<\/span>\n\t\t\t\t\t\t\t\t\t<\/li>\n\t\t\t\t\t\t\t\t<li class=\"elementor-icon-list-item\">\n\t\t\t\t\t\t\t\t\t\t\t<span class=\"elementor-icon-list-icon\">\n\t\t\t\t\t\t\t<i aria-hidden=\"true\" class=\"fas fa-gift\"><\/i>\t\t\t\t\t\t<\/span>\n\t\t\t\t\t\t\t\t\t\t<span class=\"elementor-icon-list-text\">\u0110\u1eb7t ch\u1ed7 cu\u1ed1i c\u00f9ng tr\u01b0\u1edbc 23:00 PM, th\u1eddi gian h\u1ecdc kh\u00f4ng gi\u1edbi h\u1ea1n!<\/span>\n\t\t\t\t\t\t\t\t\t<\/li>\n\t\t\t\t\t\t<\/ul>\n\t\t\t\t<\/div>\n\t\t\t\t<\/div>\n\t\t\t\t\t<\/div>\n\t\t<\/div>\n\t\t\t\t<div class=\"elementor-column elementor-col-50 elementor-top-column elementor-element elementor-element-71625a0\" data-id=\"71625a0\" data-element_type=\"column\">\n\t\t\t<div class=\"elementor-widget-wrap elementor-element-populated\">\n\t\t\t\t\t\t\t\t<div class=\"elementor-element elementor-element-245ef8f elementor-widget elementor-widget-image\" data-id=\"245ef8f\" data-element_type=\"widget\" data-widget_type=\"image.default\">\n\t\t\t\t<div class=\"elementor-widget-container\">\n\t\t\t<style>\/*! elementor - v3.10.2 - 29-01-2023 *\/\n.elementor-widget-image{text-align:center}.elementor-widget-image a{display:inline-block}.elementor-widget-image a img[src$=\".svg\"]{width:48px}.elementor-widget-image img{vertical-align:middle;display:inline-block}<\/style>\t\t\t\t\t\t\t\t\t\t\t\t\t<a href=\"https:\/\/midoluxuryspa.com\/vi\/reservation\/\">\n\t\t\t\t\t\t\t<img loading=\"lazy\" decoding=\"async\" width=\"1080\" height=\"1080\" src=\"https:\/\/midoluxuryspa.com\/wp-content\/uploads\/2023\/12\/mido-spa-04.1.jpg\" class=\"attachment-full size-full wp-image-361\" alt=\"\" srcset=\"https:\/\/midoluxuryspa.com\/wp-content\/uploads\/2023\/12\/mido-spa-04.1.jpg 1080w, https:\/\/midoluxuryspa.com\/wp-content\/uploads\/2023\/12\/mido-spa-04.1-300x300.jpg 300w, https:\/\/midoluxuryspa.com\/wp-content\/uploads\/2023\/12\/mido-spa-04.1-1024x1024.jpg 1024w, https:\/\/midoluxuryspa.com\/wp-content\/uploads\/2023\/12\/mido-spa-04.1-150x150.jpg 150w, https:\/\/midoluxuryspa.com\/wp-content\/uploads\/2023\/12\/mido-spa-04.1-768x768.jpg 768w\" sizes=\"auto, (max-width: 1080px) 100vw, 1080px\" \/>\t\t\t\t\t\t\t\t<\/a>\n\t\t\t\t\t\t\t\t\t\t\t\t\t\t\t<\/div>\n\t\t\t\t<\/div>\n\t\t\t\t\t<\/div>\n\t\t<\/div>\n\t\t\t\t\t\t\t<\/div>\n\t\t<\/section>\n\t\t\t\t\t\t\t<\/div>","protected":false},"excerpt":{"rendered":"<p>Welcom to Mido Luxury Spa &#8211; Ho Chi Minh City Come and make your life balance at Mido Luxury Spa today! \u201cLife is a balance between rest &#038; movement\u201d Mido Luxury Spa with exclusive lobby design invite you to rest instantly when you walked in. It\u2019s hard to describe the unique atmosphere of Mido Luxury [&hellip;]<\/p>","protected":false},"author":3,"featured_media":0,"parent":0,"menu_order":0,"comment_status":"closed","ping_status":"closed","template":"","meta":{"footnotes":""},"class_list":["post-14","page","type-page","status-publish","hentry"],"_links":{"self":[{"href":"https:\/\/midoluxuryspa.com\/vi\/wp-json\/wp\/v2\/pages\/14","targetHints":{"allow":["GET"]}}],"collection":[{"href":"https:\/\/midoluxuryspa.com\/vi\/wp-json\/wp\/v2\/pages"}],"about":[{"href":"https:\/\/midoluxuryspa.com\/vi\/wp-json\/wp\/v2\/types\/page"}],"author":[{"embeddable":true,"href":"https:\/\/midoluxuryspa.com\/vi\/wp-json\/wp\/v2\/users\/3"}],"replies":[{"embeddable":true,"href":"https:\/\/midoluxuryspa.com\/vi\/wp-json\/wp\/v2\/comments?post=14"}],"version-history":[{"count":22,"href":"https:\/\/midoluxuryspa.com\/vi\/wp-json\/wp\/v2\/pages\/14\/revisions"}],"predecessor-version":[{"id":558,"href":"https:\/\/midoluxuryspa.com\/vi\/wp-json\/wp\/v2\/pages\/14\/revisions\/558"}],"wp:attachment":[{"href":"https:\/\/midoluxuryspa.com\/vi\/wp-json\/wp\/v2\/media?parent=14"}],"curies":[{"name":"wp","href":"https:\/\/api.w.org\/{rel}","templated":true}]}}